{"id":6387,"date":"2022-10-07T13:47:31","date_gmt":"2022-10-07T13:47:31","guid":{"rendered":"https:\/\/bespokepc.com\/?page_id=6387"},"modified":"2023-02-10T16:39:43","modified_gmt":"2023-02-10T16:39:43","slug":"it-support","status":"publish","type":"page","link":"https:\/\/bespokepc.com\/es\/it-support\/","title":{"rendered":"IT Support"},"content":{"rendered":"<div data-elementor-type=\"wp-page\" data-elementor-id=\"6387\" class=\"elementor elementor-6387\" data-elementor-post-type=\"page\">\n\t\t\t\t\t\t<section class=\"elementor-section elementor-top-section elementor-element elementor-element-d8fc6a9 elementor-section-full_width elementor-section-height-default elementor-section-height-default\" data-id=\"d8fc6a9\" data-element_type=\"section\" data-settings=\"{&quot;background_background&quot;:&quot;classic&quot;}\">\n\t\t\t\t\t\t\t<div class=\"elementor-background-overlay\"><\/div>\n\t\t\t\t\t\t\t<div class=\"elementor-container elementor-column-gap-default\">\n\t\t\t\t\t<div class=\"elementor-column elementor-col-100 elementor-top-column elementor-element elementor-element-a15c168\" data-id=\"a15c168\" data-element_type=\"column\">\n\t\t\t<div class=\"elementor-widget-wrap elementor-element-populated\">\n\t\t\t\t\t\t<div class=\"elementor-element elementor-element-07525bd elementor-widget elementor-widget-heading\" data-id=\"07525bd\" data-element_type=\"widget\" data-widget_type=\"heading.default\">\n\t\t\t\t<div class=\"elementor-widget-container\">\n\t\t\t\t\t<h2 class=\"elementor-heading-title elementor-size-default\">Soporte Contratado<\/h2>\t\t\t\t<\/div>\n\t\t\t\t<\/div>\n\t\t\t\t<div class=\"elementor-element elementor-element-2ba97a7 elementor-widget elementor-widget-text-editor\" data-id=\"2ba97a7\" data-element_type=\"widget\" data-widget_type=\"text-editor.default\">\n\t\t\t\t<div class=\"elementor-widget-container\">\n\t\t\t\t\t\t\t\t\t<section><div class=\"container\"><div class=\"row pt-4 pb-4\"><div class=\"col-md-12 pt-4 text-center\"><p>A los clientes con contrato les garantizamos un tiempo m\u00e1ximo de respuesta in situ de 2 horas cuando sea necesario. Cuando las cosas van mal, estamos a solo una llamada de distancia, a menudo en el sitio dentro de los 30 minutos y nunca m\u00e1s de 2 horas. Asumimos la responsabilidad de la seguridad de tus datos, dej\u00e1ndote libre para concentrarte en lo que es importante para t\u00ed sin las preocupaciones de tener una pesadilla de p\u00e9rdida de datos.<\/p><\/div><p>BespokePC es una empresa de soporte t\u00e9cnico inform\u00e1tico y reparaci\u00f3n de ordenadores que se especializa en ayudar tanto a peque\u00f1as empresas como a particulares. Cubrimos un \u00e1rea desde Elviria hasta Estepona. Tambi\u00e9n vendemos ordenadores nuevos y usados.<\/p><div class=\"col-md-12 pt-4 text-center\">\u00a0<\/div><\/div><\/div><\/section>\t\t\t\t\t\t\t\t<\/div>\n\t\t\t\t<\/div>\n\t\t\t\t\t<\/div>\n\t\t<\/div>\n\t\t\t\t\t<\/div>\n\t\t<\/section>\n\t\t\t\t<section class=\"elementor-section elementor-top-section elementor-element elementor-element-7148d96 elementor-section-full_width elementor-section-height-default elementor-section-height-default\" data-id=\"7148d96\" data-element_type=\"section\" data-settings=\"{&quot;background_background&quot;:&quot;classic&quot;}\">\n\t\t\t\t\t\t<div class=\"elementor-container elementor-column-gap-no\">\n\t\t\t\t\t<div class=\"elementor-column elementor-col-50 elementor-top-column elementor-element elementor-element-5d4e02d\" data-id=\"5d4e02d\" data-element_type=\"column\" data-settings=\"{&quot;background_background&quot;:&quot;classic&quot;}\">\n\t\t\t<div class=\"elementor-widget-wrap elementor-element-populated\">\n\t\t\t\t\t\t<div class=\"elementor-element elementor-element-d4037c1 elementor-widget elementor-widget-heading\" data-id=\"d4037c1\" data-element_type=\"widget\" data-widget_type=\"heading.default\">\n\t\t\t\t<div class=\"elementor-widget-container\">\n\t\t\t\t\t<h2 class=\"elementor-heading-title elementor-size-default\">Soporte Sin Contrato<\/h2>\t\t\t\t<\/div>\n\t\t\t\t<\/div>\n\t\t\t\t<div class=\"elementor-element elementor-element-715ab53 elementor-widget elementor-widget-heading\" data-id=\"715ab53\" data-element_type=\"widget\" data-widget_type=\"heading.default\">\n\t\t\t\t<div class=\"elementor-widget-container\">\n\t\t\t\t\t<h2 class=\"elementor-heading-title elementor-size-default\">Soporte basado al domicilio<\/h2>\t\t\t\t<\/div>\n\t\t\t\t<\/div>\n\t\t\t\t<div class=\"elementor-element elementor-element-26fb566 elementor-widget elementor-widget-text-editor\" data-id=\"26fb566\" data-element_type=\"widget\" data-widget_type=\"text-editor.default\">\n\t\t\t\t<div class=\"elementor-widget-container\">\n\t\t\t\t\t\t\t\t\t<p>Podemos visitar tu hogar u oficina en el horario de 10:00 am a 6:00 pm, de lunes a viernes.<\/p><p>Nuestros servicios incluyen comprobaciones de estado del ordenador, resoluci\u00f3n de problemas generales de software y rendimiento, problemas de conexi\u00f3n a Internet y WiFi, eliminaci\u00f3n de virus, actualizaci\u00f3n de memoria y otras reparaciones de hardware. Cobramos en base a una tarifa por hora, sin costos de viaje adicionales. Tenemos un cargo m\u00ednimo de 80 \u20ac por visitas in situ que tambi\u00e9n cubre la primera hora de trabajo.<\/p><p>Nos complace brindar asistencia telef\u00f3nica a clientes habituales que cubren problemas de rendimiento del ordenador, problemas de conexi\u00f3n a Internet y WiFi, consejos sobre c\u00f3mo lidiar con virus. La atenci\u00f3n telef\u00f3nica a clientes NO contratados tiene un coste de 25\u20ac la media hora.<\/p>\t\t\t\t\t\t\t\t<\/div>\n\t\t\t\t<\/div>\n\t\t\t\t\t<\/div>\n\t\t<\/div>\n\t\t\t\t<div class=\"elementor-column elementor-col-50 elementor-top-column elementor-element elementor-element-c54532d elementor-invisible\" data-id=\"c54532d\" data-element_type=\"column\" data-settings=\"{&quot;background_background&quot;:&quot;classic&quot;,&quot;animation&quot;:&quot;fadeInRight&quot;}\">\n\t\t\t<div class=\"elementor-widget-wrap\">\n\t\t\t\t\t\t\t<\/div>\n\t\t<\/div>\n\t\t\t\t\t<\/div>\n\t\t<\/section>\n\t\t\t\t<section class=\"elementor-section elementor-top-section elementor-element elementor-element-8aa04f2 elementor-section-full_width elementor-section-height-default elementor-section-height-default\" data-id=\"8aa04f2\" data-element_type=\"section\">\n\t\t\t\t\t\t<div class=\"elementor-container elementor-column-gap-no\">\n\t\t\t\t\t<div class=\"elementor-column elementor-col-50 elementor-top-column elementor-element elementor-element-5b43df0 elementor-invisible\" data-id=\"5b43df0\" data-element_type=\"column\" data-settings=\"{&quot;background_background&quot;:&quot;classic&quot;,&quot;animation&quot;:&quot;fadeInLeft&quot;}\">\n\t\t\t<div class=\"elementor-widget-wrap\">\n\t\t\t\t\t\t\t<\/div>\n\t\t<\/div>\n\t\t\t\t<div class=\"elementor-column elementor-col-50 elementor-top-column elementor-element elementor-element-adfcd41\" data-id=\"adfcd41\" data-element_type=\"column\">\n\t\t\t<div class=\"elementor-widget-wrap elementor-element-populated\">\n\t\t\t\t\t\t<div class=\"elementor-element elementor-element-9f72a66 elementor-widget elementor-widget-heading\" data-id=\"9f72a66\" data-element_type=\"widget\" data-widget_type=\"heading.default\">\n\t\t\t\t<div class=\"elementor-widget-container\">\n\t\t\t\t\t<h2 class=\"elementor-heading-title elementor-size-default\">Soporte A Remoto<\/h2>\t\t\t\t<\/div>\n\t\t\t\t<\/div>\n\t\t\t\t<div class=\"elementor-element elementor-element-e4419c6 elementor-widget elementor-widget-text-editor\" data-id=\"e4419c6\" data-element_type=\"widget\" data-widget_type=\"text-editor.default\">\n\t\t\t\t<div class=\"elementor-widget-container\">\n\t\t\t\t\t\t\t\t\t<p>Usando un software seguro basado en Internet, podemos, con tu permiso, controlar de forma remota tu PC o Mac como si estuvi\u00e9ramos sentados frente a \u00e9l. Podemos ayudar a resolver muchos problemas relacionados con el software; configurar los ajustes de correo electr\u00f3nico, etc. Adem\u00e1s de realizar el mantenimiento de rutina, como actualizar el antivirus y aplicar actualizaciones de seguridad.<\/p><p>Ofrecemos dos niveles de servicio de soporte remoto:<\/p><ul class=\"p-column\"><li>Sesi\u00f3n de soporte \u00fanica a 25 \u20ac que incluye media hora de soporte<\/li><li>Contrato de soporte anual: te brinda 6 horas (o 12 sesiones de media hora, lo que ocurra primero) soporte en l\u00ednea durante el a\u00f1o durante el horario normal de oficina y todo el software necesario para habilitar el servicio: 250 \u20ac<\/li><\/ul>\t\t\t\t\t\t\t\t<\/div>\n\t\t\t\t<\/div>\n\t\t\t\t\t<\/div>\n\t\t<\/div>\n\t\t\t\t\t<\/div>\n\t\t<\/section>\n\t\t\t\t<section class=\"elementor-section elementor-top-section elementor-element elementor-element-7218def elementor-section-full_width elementor-section-height-default elementor-section-height-default\" data-id=\"7218def\" data-element_type=\"section\" data-settings=\"{&quot;background_background&quot;:&quot;classic&quot;}\">\n\t\t\t\t\t\t<div class=\"elementor-container elementor-column-gap-default\">\n\t\t\t\t\t<div class=\"elementor-column elementor-col-50 elementor-top-column elementor-element elementor-element-38e6fac\" data-id=\"38e6fac\" data-element_type=\"column\">\n\t\t\t<div class=\"elementor-widget-wrap elementor-element-populated\">\n\t\t\t\t\t\t<div class=\"elementor-element elementor-element-1ea0fb5 elementor-view-framed elementor-shape-circle elementor-invisible elementor-widget elementor-widget-icon\" data-id=\"1ea0fb5\" data-element_type=\"widget\" data-settings=\"{&quot;_animation&quot;:&quot;fadeIn&quot;}\" data-widget_type=\"icon.default\">\n\t\t\t\t<div class=\"elementor-widget-container\">\n\t\t\t\t\t\t\t<div class=\"elementor-icon-wrapper\">\n\t\t\t<div class=\"elementor-icon\">\n\t\t\t<i aria-hidden=\"true\" class=\"fas fa-check\"><\/i>\t\t\t<\/div>\n\t\t<\/div>\n\t\t\t\t\t\t<\/div>\n\t\t\t\t<\/div>\n\t\t\t\t<div class=\"elementor-element elementor-element-7677eda elementor-widget elementor-widget-heading\" data-id=\"7677eda\" data-element_type=\"widget\" data-widget_type=\"heading.default\">\n\t\t\t\t<div class=\"elementor-widget-container\">\n\t\t\t\t\t<h2 class=\"elementor-heading-title elementor-size-default\">LOS BENEFICIOS<\/h2>\t\t\t\t<\/div>\n\t\t\t\t<\/div>\n\t\t\t\t<div class=\"elementor-element elementor-element-267d13a elementor-widget elementor-widget-text-editor\" data-id=\"267d13a\" data-element_type=\"widget\" data-widget_type=\"text-editor.default\">\n\t\t\t\t<div class=\"elementor-widget-container\">\n\t\t\t\t\t\t\t\t\t<ul class=\"p-column\"><li>Podemos verificar el sistema r\u00e1pidamente, a menudo mientras est\u00e1s hablando por tel\u00e9fono, y resolver muchos problemas relacionados con el software de inmediato.<\/li><li>Podemos hacer controles b\u00e1sicos de salud del ordenador en l\u00ednea<\/li><li>Es mucho m\u00e1s econ\u00f3mico que el n\u00famero equivalente de horas de trabajo in situ.<\/li><\/ul>\t\t\t\t\t\t\t\t<\/div>\n\t\t\t\t<\/div>\n\t\t\t\t\t<\/div>\n\t\t<\/div>\n\t\t\t\t<div class=\"elementor-column elementor-col-50 elementor-top-column elementor-element elementor-element-8b10021\" data-id=\"8b10021\" data-element_type=\"column\">\n\t\t\t<div class=\"elementor-widget-wrap elementor-element-populated\">\n\t\t\t\t\t\t<div class=\"elementor-element elementor-element-9919ff3 elementor-view-framed elementor-shape-circle elementor-invisible elementor-widget elementor-widget-icon\" data-id=\"9919ff3\" data-element_type=\"widget\" data-settings=\"{&quot;_animation&quot;:&quot;fadeIn&quot;}\" data-widget_type=\"icon.default\">\n\t\t\t\t<div class=\"elementor-widget-container\">\n\t\t\t\t\t\t\t<div class=\"elementor-icon-wrapper\">\n\t\t\t<div class=\"elementor-icon\">\n\t\t\t<i aria-hidden=\"true\" class=\"fas fa-exclamation\"><\/i>\t\t\t<\/div>\n\t\t<\/div>\n\t\t\t\t\t\t<\/div>\n\t\t\t\t<\/div>\n\t\t\t\t<div class=\"elementor-element elementor-element-35dd795 elementor-widget elementor-widget-heading\" data-id=\"35dd795\" data-element_type=\"widget\" data-widget_type=\"heading.default\">\n\t\t\t\t<div class=\"elementor-widget-container\">\n\t\t\t\t\t<h2 class=\"elementor-heading-title elementor-size-default\">LAS LIMITACIONES<\/h2>\t\t\t\t<\/div>\n\t\t\t\t<\/div>\n\t\t\t\t<div class=\"elementor-element elementor-element-9ab94e6 elementor-widget elementor-widget-text-editor\" data-id=\"9ab94e6\" data-element_type=\"widget\" data-widget_type=\"text-editor.default\">\n\t\t\t\t<div class=\"elementor-widget-container\">\n\t\t\t\t\t\t\t\t\t<ul class=\"p-column\">\n<li>Tienes que tener una conexi\u00f3n de banda ancha que funcione. Tenemos que poder conectarnos a tu PC a trav\u00e9s de Internet. Si hay un fallo de hardware o un problema de conexi\u00f3n a Internet tendremos que concertar una visita in situ.<\/li>\n<li>Dependiendo del problema, es posible que debaS sentarse frente al PC para ingresar contrase\u00f1as privadas, etc., aunque gran parte del trabajo se puede realizar sin supervisi\u00f3n.<\/li>\n<\/ul>\t\t\t\t\t\t\t\t<\/div>\n\t\t\t\t<\/div>\n\t\t\t\t\t<\/div>\n\t\t<\/div>\n\t\t\t\t\t<\/div>\n\t\t<\/section>\n\t\t\t\t<\/div>","protected":false},"excerpt":{"rendered":"<p>Bespoke PC Contracted Support To contracted clients we guarantee a maximum 2 hour onsite response time when required. When things go wrong we are only a phone call away, often on site within 30 minutes and never more than 2 hours. We take responsibility for the security of your data leaving you free to concentrate&hellip;<\/p>","protected":false},"author":1,"featured_media":0,"parent":0,"menu_order":0,"comment_status":"closed","ping_status":"closed","template":"elementor_header_footer","meta":{"footnotes":""},"class_list":["post-6387","page","type-page","status-publish","hentry"],"_links":{"self":[{"href":"https:\/\/bespokepc.com\/es\/wp-json\/wp\/v2\/pages\/6387","targetHints":{"allow":["GET"]}}],"collection":[{"href":"https:\/\/bespokepc.com\/es\/wp-json\/wp\/v2\/pages"}],"about":[{"href":"https:\/\/bespokepc.com\/es\/wp-json\/wp\/v2\/types\/page"}],"author":[{"embeddable":true,"href":"https:\/\/bespokepc.com\/es\/wp-json\/wp\/v2\/users\/1"}],"replies":[{"embeddable":true,"href":"https:\/\/bespokepc.com\/es\/wp-json\/wp\/v2\/comments?post=6387"}],"version-history":[{"count":55,"href":"https:\/\/bespokepc.com\/es\/wp-json\/wp\/v2\/pages\/6387\/revisions"}],"predecessor-version":[{"id":7217,"href":"https:\/\/bespokepc.com\/es\/wp-json\/wp\/v2\/pages\/6387\/revisions\/7217"}],"wp:attachment":[{"href":"https:\/\/bespokepc.com\/es\/wp-json\/wp\/v2\/media?parent=6387"}],"curies":[{"name":"wp","href":"https:\/\/api.w.org\/{rel}","templated":true}]}}